{"id":276095,"date":"2026-03-12T15:04:55","date_gmt":"2026-03-12T15:04:55","guid":{"rendered":"https:\/\/www.ipsomedical.es\/privacy-policy\/"},"modified":"2026-04-23T13:31:47","modified_gmt":"2026-04-23T13:31:47","slug":"privacy-policy","status":"publish","type":"page","link":"https:\/\/www.ipsomedical.es\/en\/privacy-policy\/","title":{"rendered":"Privacy Policy"},"content":{"rendered":"\t\t<div data-elementor-type=\"wp-page\" data-elementor-id=\"276095\" class=\"elementor elementor-276095 elementor-275607\" data-elementor-post-type=\"page\">\n\t\t\t\t<div class=\"elementor-element elementor-element-e5f17a3 e-flex e-con-boxed e-con e-parent\" data-id=\"e5f17a3\" data-element_type=\"container\" data-e-type=\"container\" data-settings=\"{&quot;background_background&quot;:&quot;gradient&quot;}\">\n\t\t\t\t\t<div class=\"e-con-inner\">\n\t\t<div class=\"elementor-element elementor-element-6dbc081 e-con-full e-flex e-con e-child\" data-id=\"6dbc081\" data-element_type=\"container\" data-e-type=\"container\">\n\t\t\t\t<div class=\"elementor-element elementor-element-85838d7 elementor-widget elementor-widget-heading\" data-id=\"85838d7\" data-element_type=\"widget\" data-e-type=\"widget\" data-widget_type=\"heading.default\">\n\t\t\t\t\t<h1 class=\"elementor-heading-title elementor-size-default\">Privacy Policy<\/h1>\t\t\t\t<\/div>\n\t\t\t\t<\/div>\n\t\t\t\t\t<\/div>\n\t\t\t\t<\/div>\n\t\t<div class=\"elementor-element elementor-element-2f34a87 e-flex e-con-boxed e-con e-parent\" data-id=\"2f34a87\" data-element_type=\"container\" data-e-type=\"container\">\n\t\t\t\t\t<div class=\"e-con-inner\">\n\t\t\t\t<div class=\"elementor-element elementor-element-92170eb elementor-widget elementor-widget-html\" data-id=\"92170eb\" data-element_type=\"widget\" data-e-type=\"widget\" data-widget_type=\"html.default\">\n\t\t\t\t\t<!-- ============================================================\r\n     POL\u00cdTICA DE PRIVACIDAD - IPSOMEDICAL SL\r\n     Copia este bloque en un widget HTML de Elementor\r\n     ============================================================ --><style>.legal-ipso {\r\n    font-family: 'Georgia', 'Times New Roman', serif;\r\n    color: #1a1a2e;\r\n    margin: 0 auto;\r\n    padding: 20px 0;\r\n    line-height: 1.85;\r\n  }\r\n  .legal-ipso .legal-header {\r\n    border-left: 5px solid #4A90E2;\r\n    padding-left: 20px;\r\n    margin-bottom: 40px;\r\n  }\r\n  .legal-ipso h1 {\r\n    font-size: 2rem;\r\n    font-weight: 700;\r\n    color: #4A90E2;\r\n    margin: 0 0 8px 0;\r\n    letter-spacing: -0.5px;\r\n  }\r\n  .legal-ipso .legal-subtitle {\r\n    font-size: 0.9rem;\r\n    color: #888;\r\n    font-style: italic;\r\n    margin: 0;\r\n  }\r\n  .legal-ipso .legal-section {\r\n    background: #f8fafc;\r\n    border-radius: 10px;\r\n    padding: 24px 28px;\r\n    margin-bottom: 20px;\r\n    border: 1px solid #e2eaf0;\r\n    transition: box-shadow 0.2s;\r\n  }\r\n  .legal-ipso .legal-section:hover {\r\n    box-shadow: 0 4px 18px rgba(74,144,226,0.07);\r\n  }\r\n  .legal-ipso h2 {\r\n    font-size: 1.05rem;\r\n    font-weight: 700;\r\n    color: #4A90E2;\r\n    margin: 0 0 12px 0;\r\n    display: flex;\r\n    align-items: center;\r\n    gap: 10px;\r\n  }\r\n  .legal-ipso h2 .icon {\r\n    width: 28px;\r\n    height: 28px;\r\n    background: #4A90E2;\r\n    border-radius: 6px;\r\n    display: inline-flex;\r\n    align-items: center;\r\n    justify-content: center;\r\n    color: white;\r\n    font-size: 0.85rem;\r\n    flex-shrink: 0;\r\n  }\r\n  .legal-ipso p {\r\n    margin: 0 0 10px 0;\r\n    font-size: 0.95rem;\r\n    color: #3a3a4a;\r\n  }\r\n  .legal-ipso p:last-child { margin-bottom: 0; }\r\n  .legal-ipso ul {\r\n    margin: 8px 0 0 0;\r\n    padding-left: 20px;\r\n  }\r\n  .legal-ipso ul li {\r\n    font-size: 0.95rem;\r\n    color: #3a3a4a;\r\n    margin-bottom: 5px;\r\n  }\r\n  .legal-ipso .highlight-box {\r\n    background: #eaf3fb;\r\n    border-left: 4px solid #4A90E2;\r\n    padding: 14px 18px;\r\n    border-radius: 0 8px 8px 0;\r\n    margin-top: 10px;\r\n  }\r\n  .legal-ipso .highlight-box strong {\r\n    display: block;\r\n    color: #4A90E2;\r\n    margin-bottom: 4px;\r\n    font-size: 0.85rem;\r\n    text-transform: uppercase;\r\n    letter-spacing: 0.5px;\r\n  }\r\n  .legal-ipso a {\r\n    color: #4A90E2;\r\n    text-decoration: underline;\r\n  }\r\n  .legal-ipso .footer-note {\r\n    font-size: 0.82rem;\r\n    color: #999;\r\n    text-align: center;\r\n    padding-top: 20px;\r\n    border-top: 1px solid #e2eaf0;\r\n    margin-top: 10px;\r\n  }\r\n<\/style><div class=\"legal-ipso\"><div class=\"legal-header\"><p class=\"legal-subtitle\">\u00daltima actualizaci\u00f3n: 2025 \u00b7 IPSOMEDICAL SL<\/p><\/div><div class=\"legal-section\"><h2><span class=\"icon\">\u00b7<\/span> Introducci\u00f3n<\/h2><p>La privacidad es de gran importancia para <strong>IPSOMEDICAL SL<\/strong> y queremos mantener una actitud abierta y transparente al tratar sus datos personales. Por lo tanto, disponemos de una pol\u00edtica que establece c\u00f3mo se tratan y protegen sus datos personales.<\/p><\/div><div class=\"legal-section\"><h2><span class=\"icon\">\u00b7<\/span> Responsable del Tratamiento<\/h2><div class=\"highlight-box\"><strong>Datos del Responsable<\/strong><p style=\"margin:0; font-size:0.93rem;\"><strong>IPSOMEDICAL SL<\/strong><br>CIF: B93269702<br>Direcci\u00f3n: Calle R\u00edo Sil n\u00ba 6, P.I. Trevenez, 29196 M\u00e1laga (M\u00e1laga)<br>Email:<\/strong> <a href=\"mailto:info@ipsomedical.es\"><span class=\"__cf_email__\" data-cfemail=\"abcacfc6c2c5ebc2dbd8c4c6cecfc2c8cac785ced8\">info@ipsomedical.es<\/span><\/a><\/p><\/div><\/div><div class=\"legal-section\"><h2><span class=\"icon\">\u00b7<\/span> Finalidad del Tratamiento<\/h2><p>En IPSOMEDICAL SL tratamos la informaci\u00f3n que nos facilitan las personas interesadas con los siguientes fines:<\/p><ul><li>Gesti\u00f3n administrativa, contable y fiscal de los servicios solicitados.<\/li><li>Env\u00edo de comunicaciones comerciales sobre productos y servicios, para cuyo env\u00edo usted haya prestado su consentimiento.<\/li><\/ul><\/div><div class=\"legal-section\"><h2><span class=\"icon\">\u00b7<\/span> Plazo de Conservaci\u00f3n<\/h2><p>Los datos se conservar\u00e1n mientras se mantenga la relaci\u00f3n comercial y, en su caso, durante los a\u00f1os necesarios para cumplir con las obligaciones legales aplicables.<\/p><\/div><div class=\"legal-section\"><h2><span class=\"icon\">\u00b7<\/span> Base Legal del Tratamiento<\/h2><ul><li><strong>Ejecuci\u00f3n de un contrato:<\/strong> Prestaci\u00f3n de los servicios solicitados.<\/li><li><strong>Consentimiento del interesado:<\/strong> Env\u00edo de comunicaciones comerciales.<\/li><\/ul><\/div><div class=\"legal-section\"><h2><span class=\"icon\">\u00b7<\/span> Destinatarios de los Datos<\/h2><p>\u00danicamente se ceder\u00e1n sus datos a terceros para los cuales se haya recabado debidamente su consentimiento, as\u00ed como para dar cumplimiento a las obligaciones legales.<\/p><p>No est\u00e1n previstas transferencias de datos a terceros pa\u00edses.<\/p><\/div><div class=\"legal-section\"><h2><span class=\"icon\">\u00b7<\/span> Sus Derechos<\/h2><p>Cualquier persona tiene derecho a obtener confirmaci\u00f3n sobre si en IPSOMEDICAL SL estamos tratando datos personales que le conciernan. En concreto, puede ejercer los siguientes derechos:<\/p><ul><li><strong>Acceso:<\/strong> Conocer qu\u00e9 datos suyos tratamos.<\/li><li><strong>Rectificaci\u00f3n:<\/strong> Solicitar la correcci\u00f3n de datos inexactos.<\/li><li><strong>Supresi\u00f3n:<\/strong> Solicitar la eliminaci\u00f3n de sus datos cuando ya no sean necesarios.<\/li><li><strong>Limitaci\u00f3n:<\/strong> Solicitar que limitemos el tratamiento en determinadas circunstancias.<\/li><li><strong>Oposici\u00f3n:<\/strong> Oponerse al tratamiento por motivos relacionados con su situaci\u00f3n particular.<\/li><li><strong>Portabilidad:<\/strong> Recibir sus datos en un formato estructurado y de uso com\u00fan.<\/li><\/ul><p style=\"margin-top:12px;\">Para ejercer sus derechos, puede dirigirse a Email:<\/strong> <a href=\"mailto:info@ipsomedical.es\"><span class=\"__cf_email__\" data-cfemail=\"abcacfc6c2c5ebc2dbd8c4c6cecfc2c8cac785ced8\">info@ipsomedical.es<\/span><\/a>, adjuntando copia de su DNI o documento de identidad.<\/p><p>Si considera que sus derechos han sido vulnerados, puede presentar una reclamaci\u00f3n ante la <strong>Agencia Espa\u00f1ola de Protecci\u00f3n de Datos (AEPD)<\/strong>: <a href=\"https:\/\/www.aepd.es\" target=\"_blank\" rel=\"nofollow\">www.aepd.es<\/a><\/p><\/div><div class=\"legal-section\"><h2><span class=\"icon\">\u00b7<\/span> Procedencia de los Datos<\/h2><p>Los datos personales que tratamos han sido directamente proporcionados por el interesado. Las categor\u00edas de datos tratados so\t\t\t\t<\/div>\n\t\t\t\t\t<\/div>\n\t\t\t\t<\/div>\n\t\t\t\t<\/div>\n\t\t","protected":false},"excerpt":{"rendered":"<p>Privacy Policy \u00daltima actualizaci\u00f3n: 2025 \u00b7 IPSOMEDICAL SL \u00b7 Introducci\u00f3n La privacidad es de gran importancia para IPSOMEDICAL SL y queremos mantener una actitud abierta y transparente al tratar sus datos personales. Por lo tanto, disponemos de una pol\u00edtica que establece c\u00f3mo se tratan y protegen sus datos personales. \u00b7 Responsable del Tratamiento Datos del [&hellip;]<\/p>\n","protected":false},"author":3,"featured_media":0,"parent":0,"menu_order":0,"comment_status":"closed","ping_status":"closed","template":"","meta":{"footnotes":""},"class_list":["post-276095","page","type-page","status-publish","hentry"],"yoast_head":"<!-- This site is optimized with the Yoast SEO plugin v27.4 - https:\/\/yoast.com\/product\/yoast-seo-wordpress\/ -->\n<title>Privacy Policy - IpsoMedical - Alquiler y venta de camas articuladas el\u00e9ctricas geri\u00e1tricas<\/title>\n<meta name=\"robots\" content=\"index, follow, max-snippet:-1, max-image-preview:large, max-video-preview:-1\" \/>\n<link rel=\"canonical\" href=\"https:\/\/www.ipsomedical.es\/en\/privacy-policy\/\" \/>\n<meta property=\"og:locale\" content=\"en_US\" \/>\n<meta property=\"og:type\" content=\"article\" \/>\n<meta property=\"og:title\" content=\"Privacy Policy - IpsoMedical - Alquiler y venta de camas articuladas el\u00e9ctricas geri\u00e1tricas\" \/>\n<meta property=\"og:description\" content=\"Privacy Policy \u00daltima actualizaci\u00f3n: 2025 \u00b7 IPSOMEDICAL SL \u00b7 Introducci\u00f3n La privacidad es de gran importancia para IPSOMEDICAL SL y queremos mantener una actitud abierta y transparente al tratar sus datos personales. Por lo tanto, disponemos de una pol\u00edtica que establece c\u00f3mo se tratan y protegen sus datos personales. \u00b7 Responsable del Tratamiento Datos del [&hellip;]\" \/>\n<meta property=\"og:url\" content=\"https:\/\/www.ipsomedical.es\/en\/privacy-policy\/\" \/>\n<meta property=\"og:site_name\" content=\"IpsoMedical - Alquiler y venta de camas articuladas el\u00e9ctricas geri\u00e1tricas\" \/>\n<meta property=\"article:modified_time\" content=\"2026-04-23T13:31:47+00:00\" \/>\n<meta name=\"twitter:card\" content=\"summary_large_image\" \/>\n<meta name=\"twitter:label1\" content=\"Est. reading time\" \/>\n\t<meta name=\"twitter:data1\" content=\"2 minutes\" \/>\n<script type=\"application\/ld+json\" class=\"yoast-schema-graph\">{\"@context\":\"https:\\\/\\\/schema.org\",\"@graph\":[{\"@type\":\"WebPage\",\"@id\":\"https:\\\/\\\/www.ipsomedical.es\\\/en\\\/privacy-policy\\\/\",\"url\":\"https:\\\/\\\/www.ipsomedical.es\\\/en\\\/privacy-policy\\\/\",\"name\":\"Privacy Policy - IpsoMedical - Alquiler y venta de camas articuladas el\u00e9ctricas geri\u00e1tricas\",\"isPartOf\":{\"@id\":\"https:\\\/\\\/www.ipsomedical.es\\\/en\\\/#website\"},\"datePublished\":\"2026-03-12T15:04:55+00:00\",\"dateModified\":\"2026-04-23T13:31:47+00:00\",\"breadcrumb\":{\"@id\":\"https:\\\/\\\/www.ipsomedical.es\\\/en\\\/privacy-policy\\\/#breadcrumb\"},\"inLanguage\":\"en-US\",\"potentialAction\":[{\"@type\":\"ReadAction\",\"target\":[\"https:\\\/\\\/www.ipsomedical.es\\\/en\\\/privacy-policy\\\/\"]}]},{\"@type\":\"BreadcrumbList\",\"@id\":\"https:\\\/\\\/www.ipsomedical.es\\\/en\\\/privacy-policy\\\/#breadcrumb\",\"itemListElement\":[{\"@type\":\"ListItem\",\"position\":1,\"name\":\"Portada\",\"item\":\"https:\\\/\\\/www.ipsomedical.es\\\/en\\\/home\\\/\"},{\"@type\":\"ListItem\",\"position\":2,\"name\":\"Privacy Policy\"}]},{\"@type\":\"WebSite\",\"@id\":\"https:\\\/\\\/www.ipsomedical.es\\\/en\\\/#website\",\"url\":\"https:\\\/\\\/www.ipsomedical.es\\\/en\\\/\",\"name\":\"IpsoMedical\",\"description\":\"IpsoMedical proporcionamos Soluciones camas articuladas, gruas, etc... para Personas Dependientes o con Dificultades de Movilidad\",\"publisher\":{\"@id\":\"https:\\\/\\\/www.ipsomedical.es\\\/en\\\/#organization\"},\"potentialAction\":[{\"@type\":\"SearchAction\",\"target\":{\"@type\":\"EntryPoint\",\"urlTemplate\":\"https:\\\/\\\/www.ipsomedical.es\\\/en\\\/?s={search_term_string}\"},\"query-input\":{\"@type\":\"PropertyValueSpecification\",\"valueRequired\":true,\"valueName\":\"search_term_string\"}}],\"inLanguage\":\"en-US\"},{\"@type\":\"Organization\",\"@id\":\"https:\\\/\\\/www.ipsomedical.es\\\/en\\\/#organization\",\"name\":\"IpsoMedical\",\"url\":\"https:\\\/\\\/www.ipsomedical.es\\\/en\\\/\",\"logo\":{\"@type\":\"ImageObject\",\"inLanguage\":\"en-US\",\"@id\":\"https:\\\/\\\/www.ipsomedical.es\\\/en\\\/#\\\/schema\\\/logo\\\/image\\\/\",\"url\":\"https:\\\/\\\/www.ipsomedical.es\\\/wp-content\\\/uploads\\\/2021\\\/10\\\/ADWORD-LOGO.png\",\"contentUrl\":\"https:\\\/\\\/www.ipsomedical.es\\\/wp-content\\\/uploads\\\/2021\\\/10\\\/ADWORD-LOGO.png\",\"width\":590,\"height\":590,\"caption\":\"IpsoMedical\"},\"image\":{\"@id\":\"https:\\\/\\\/www.ipsomedical.es\\\/en\\\/#\\\/schema\\\/logo\\\/image\\\/\"}}]}<\/script>\n<!-- \/ Yoast SEO plugin. -->","yoast_head_json":{"title":"Privacy Policy - IpsoMedical - Alquiler y venta de camas articuladas el\u00e9ctricas geri\u00e1tricas","robots":{"index":"index","follow":"follow","max-snippet":"max-snippet:-1","max-image-preview":"max-image-preview:large","max-video-preview":"max-video-preview:-1"},"canonical":"https:\/\/www.ipsomedical.es\/en\/privacy-policy\/","og_locale":"en_US","og_type":"article","og_title":"Privacy Policy - IpsoMedical - Alquiler y venta de camas articuladas el\u00e9ctricas geri\u00e1tricas","og_description":"Privacy Policy \u00daltima actualizaci\u00f3n: 2025 \u00b7 IPSOMEDICAL SL \u00b7 Introducci\u00f3n La privacidad es de gran importancia para IPSOMEDICAL SL y queremos mantener una actitud abierta y transparente al tratar sus datos personales. Por lo tanto, disponemos de una pol\u00edtica que establece c\u00f3mo se tratan y protegen sus datos personales. \u00b7 Responsable del Tratamiento Datos del [&hellip;]","og_url":"https:\/\/www.ipsomedical.es\/en\/privacy-policy\/","og_site_name":"IpsoMedical - Alquiler y venta de camas articuladas el\u00e9ctricas geri\u00e1tricas","article_modified_time":"2026-04-23T13:31:47+00:00","twitter_card":"summary_large_image","twitter_misc":{"Est. reading time":"2 minutes"},"schema":{"@context":"https:\/\/schema.org","@graph":[{"@type":"WebPage","@id":"https:\/\/www.ipsomedical.es\/en\/privacy-policy\/","url":"https:\/\/www.ipsomedical.es\/en\/privacy-policy\/","name":"Privacy Policy - IpsoMedical - Alquiler y venta de camas articuladas el\u00e9ctricas geri\u00e1tricas","isPartOf":{"@id":"https:\/\/www.ipsomedical.es\/en\/#website"},"datePublished":"2026-03-12T15:04:55+00:00","dateModified":"2026-04-23T13:31:47+00:00","breadcrumb":{"@id":"https:\/\/www.ipsomedical.es\/en\/privacy-policy\/#breadcrumb"},"inLanguage":"en-US","potentialAction":[{"@type":"ReadAction","target":["https:\/\/www.ipsomedical.es\/en\/privacy-policy\/"]}]},{"@type":"BreadcrumbList","@id":"https:\/\/www.ipsomedical.es\/en\/privacy-policy\/#breadcrumb","itemListElement":[{"@type":"ListItem","position":1,"name":"Portada","item":"https:\/\/www.ipsomedical.es\/en\/home\/"},{"@type":"ListItem","position":2,"name":"Privacy Policy"}]},{"@type":"WebSite","@id":"https:\/\/www.ipsomedical.es\/en\/#website","url":"https:\/\/www.ipsomedical.es\/en\/","name":"IpsoMedical","description":"IpsoMedical proporcionamos Soluciones camas articuladas, gruas, etc... para Personas Dependientes o con Dificultades de Movilidad","publisher":{"@id":"https:\/\/www.ipsomedical.es\/en\/#organization"},"potentialAction":[{"@type":"SearchAction","target":{"@type":"EntryPoint","urlTemplate":"https:\/\/www.ipsomedical.es\/en\/?s={search_term_string}"},"query-input":{"@type":"PropertyValueSpecification","valueRequired":true,"valueName":"search_term_string"}}],"inLanguage":"en-US"},{"@type":"Organization","@id":"https:\/\/www.ipsomedical.es\/en\/#organization","name":"IpsoMedical","url":"https:\/\/www.ipsomedical.es\/en\/","logo":{"@type":"ImageObject","inLanguage":"en-US","@id":"https:\/\/www.ipsomedical.es\/en\/#\/schema\/logo\/image\/","url":"https:\/\/www.ipsomedical.es\/wp-content\/uploads\/2021\/10\/ADWORD-LOGO.png","contentUrl":"https:\/\/www.ipsomedical.es\/wp-content\/uploads\/2021\/10\/ADWORD-LOGO.png","width":590,"height":590,"caption":"IpsoMedical"},"image":{"@id":"https:\/\/www.ipsomedical.es\/en\/#\/schema\/logo\/image\/"}}]}},"_links":{"self":[{"href":"https:\/\/www.ipsomedical.es\/en\/wp-json\/wp\/v2\/pages\/276095","targetHints":{"allow":["GET"]}}],"collection":[{"href":"https:\/\/www.ipsomedical.es\/en\/wp-json\/wp\/v2\/pages"}],"about":[{"href":"https:\/\/www.ipsomedical.es\/en\/wp-json\/wp\/v2\/types\/page"}],"author":[{"embeddable":true,"href":"https:\/\/www.ipsomedical.es\/en\/wp-json\/wp\/v2\/users\/3"}],"replies":[{"embeddable":true,"href":"https:\/\/www.ipsomedical.es\/en\/wp-json\/wp\/v2\/comments?post=276095"}],"version-history":[{"count":1,"href":"https:\/\/www.ipsomedical.es\/en\/wp-json\/wp\/v2\/pages\/276095\/revisions"}],"predecessor-version":[{"id":276096,"href":"https:\/\/www.ipsomedical.es\/en\/wp-json\/wp\/v2\/pages\/276095\/revisions\/276096"}],"wp:attachment":[{"href":"https:\/\/www.ipsomedical.es\/en\/wp-json\/wp\/v2\/media?parent=276095"}],"curies":[{"name":"wp","href":"https:\/\/api.w.org\/{rel}","templated":true}]}}