{"id":276117,"date":"2026-03-12T15:14:14","date_gmt":"2026-03-12T15:14:14","guid":{"rendered":"https:\/\/www.ipsomedical.es\/legal-notice\/"},"modified":"2026-04-23T13:32:01","modified_gmt":"2026-04-23T13:32:01","slug":"legal-notice","status":"publish","type":"page","link":"https:\/\/www.ipsomedical.es\/en\/legal-notice\/","title":{"rendered":"Legal Notice"},"content":{"rendered":"\t\t<div data-elementor-type=\"wp-page\" data-elementor-id=\"276117\" class=\"elementor elementor-276117 elementor-275616\" data-elementor-post-type=\"page\">\n\t\t\t\t<div class=\"elementor-element elementor-element-e5f17a3 e-flex e-con-boxed e-con e-parent\" data-id=\"e5f17a3\" data-element_type=\"container\" data-e-type=\"container\" data-settings=\"{&quot;background_background&quot;:&quot;gradient&quot;}\">\n\t\t\t\t\t<div class=\"e-con-inner\">\n\t\t<div class=\"elementor-element elementor-element-6dbc081 e-con-full e-flex e-con e-child\" data-id=\"6dbc081\" data-element_type=\"container\" data-e-type=\"container\">\n\t\t\t\t<div class=\"elementor-element elementor-element-85838d7 elementor-widget elementor-widget-heading\" data-id=\"85838d7\" data-element_type=\"widget\" data-e-type=\"widget\" data-widget_type=\"heading.default\">\n\t\t\t\t\t<h1 class=\"elementor-heading-title elementor-size-default\">Privacy Policy<\/h1>\t\t\t\t<\/div>\n\t\t\t\t<\/div>\n\t\t\t\t\t<\/div>\n\t\t\t\t<\/div>\n\t\t<div class=\"elementor-element elementor-element-2f34a87 e-flex e-con-boxed e-con e-parent\" data-id=\"2f34a87\" data-element_type=\"container\" data-e-type=\"container\">\n\t\t\t\t\t<div class=\"e-con-inner\">\n\t\t\t\t<div class=\"elementor-element elementor-element-92170eb elementor-widget elementor-widget-html\" data-id=\"92170eb\" data-element_type=\"widget\" data-e-type=\"widget\" data-widget_type=\"html.default\">\n\t\t\t\t\t<!-- ============================================================\r\n     AVISO LEGAL - IPSOMEDICAL SL\r\n     Copia este bloque en un widget HTML de Elementor\r\n     ============================================================ --><style>.aviso-ipso {\r\n    font-family: 'Georgia', 'Times New Roman', serif;\r\n    color: #1a1a2e;\r\n \r\n    margin: 0 auto;\r\n    padding: 20px 0;\r\n    line-height: 1.85;\r\n  }\r\n  .aviso-ipso .legal-header {\r\n    border-left: 5px solid #4A90E2;\r\n    padding-left: 20px;\r\n    margin-bottom: 40px;\r\n  }\r\n  .aviso-ipso h1 {\r\n    font-size: 2rem;\r\n    font-weight: 700;\r\n    color: #4A90E2;\r\n    margin: 0 0 8px 0;\r\n    letter-spacing: -0.5px;\r\n  }\r\n  .aviso-ipso .legal-subtitle {\r\n    font-size: 0.9rem;\r\n    color: #888;\r\n    font-style: italic;\r\n    margin: 0;\r\n  }\r\n  .aviso-ipso .legal-section {\r\n    background: #f5f9fe;\r\n    border-radius: 10px;\r\n    padding: 24px 28px;\r\n    margin-bottom: 20px;\r\n    border: 1px solid #d0e5f8;\r\n  }\r\n  .aviso-ipso h2 {\r\n    font-size: 1.05rem;\r\n    font-weight: 700;\r\n    color: #4A90E2;\r\n    margin: 0 0 12px 0;\r\n    display: flex;\r\n    align-items: center;\r\n    gap: 10px;\r\n  }\r\n  .aviso-ipso h2 .icon {\r\n    width: 28px;\r\n    height: 28px;\r\n    background: #4A90E2;\r\n    border-radius: 6px;\r\n    display: inline-flex;\r\n    align-items: center;\r\n    justify-content: center;\r\n    color: white;\r\n    font-size: 0.85rem;\r\n    flex-shrink: 0;\r\n  }\r\n  .aviso-ipso p {\r\n    margin: 0 0 10px 0;\r\n    font-size: 0.95rem;\r\n    color: #3a3a4a;\r\n  }\r\n  .aviso-ipso p:last-child { margin-bottom: 0; }\r\n  .aviso-ipso ul {\r\n    margin: 8px 0 0 0;\r\n    padding-left: 20px;\r\n  }\r\n  .aviso-ipso ul li {\r\n    font-size: 0.95rem;\r\n    color: #3a3a4a;\r\n    margin-bottom: 5px;\r\n  }\r\n  .aviso-ipso .datos-box {\r\n    background: #eaf3fb;\r\n    border-left: 4px solid #4A90E2;\r\n    padding: 16px 20px;\r\n    border-radius: 0 8px 8px 0;\r\n    margin-top: 10px;\r\n  }\r\n  .aviso-ipso .datos-box p {\r\n    margin: 4px 0;\r\n  }\r\n  .aviso-ipso a { color: #4A90E2; text-decoration: underline; }\r\n  .aviso-ipso .footer-note {\r\n    font-size: 0.82rem;\r\n    color: #999;\r\n    text-align: center;\r\n    padding-top: 20px;\r\n    border-top: 1px solid #d0e5f8;\r\n    margin-top: 10px;\r\n  }\r\n<\/style><div class=\"aviso-ipso\"><div class=\"legal-header\"><p class=\"legal-subtitle\">\u00daltima actualizaci\u00f3n: 2025 \u00b7 IPSOMEDICAL SL<\/p><\/div><div class=\"legal-section\"><h2><span class=\"icon\">\u00b7<\/span> Datos Identificativos del Titular<\/h2><p>En cumplimiento con el deber de informaci\u00f3n recogido en el art\u00edculo 10 de la Ley 34\/2002, de 11 de julio, de Servicios de la Sociedad de la Informaci\u00f3n y del Comercio Electr\u00f3nico (LSSICE), se facilitan a continuaci\u00f3n los datos identificativos del titular del sitio web:<\/p><div class=\"datos-box\"><p><strong>Raz\u00f3n social:<\/strong> IPSOMEDICAL SL<\/p><p><strong>CIF:<\/strong> B93269702<\/p><p><strong>Domicilio social:<\/strong> Calle R\u00edo Sil n\u00ba 6, P.I. Trevenez, 29196 M\u00e1laga (M\u00e1laga)<\/p><p><strong>Email:<\/strong> <a href=\"mailto:info@ipsomedical.es\"><span class=\"__cf_email__\" data-cfemail=\"abcacfc6c2c5ebc2dbd8c4c6cecfc2c8cac785ced8\">info@ipsomedical.es<\/span><\/a><\/p><p><strong>Sitio web:<\/strong> www.ipsomedical.es<\/p><\/div><\/div><div class=\"legal-section\"><h2><span class=\"icon\">\u00b7<\/span> Objeto y \u00c1mbito de Aplicaci\u00f3n<\/h2><p>El presente Aviso Legal regula el acceso y uso del sitio web <strong>www.ipsomedical.es<\/strong> (en adelante, \"el Sitio Web\"), titularidad de IPSOMEDICAL SL.<\/p><p>El acceso al Sitio Web y el uso de sus contenidos implican la aceptaci\u00f3n plena y sin reservas de todas las disposiciones incluidas en este Aviso Legal. Si no est\u00e1 de acuerdo con alguna de estas condiciones, le rogamos que no acceda ni utilice este Sitio Web.<\/p><\/div><div class=\"legal-section\"><h2><span class=\"icon\">\u00b7<\/span> Propiedad Intelectual e Industrial<\/h2><p>Todos los contenidos del Sitio Web \u2014incluyendo, sin car\u00e1cter limitativo, textos, fotograf\u00edas, gr\u00e1ficos, im\u00e1genes, iconos, tecnolog\u00eda, software, as\u00ed como el dise\u00f1o gr\u00e1fico y los c\u00f3digos fuente\u2014 son propiedad intelectual de IPSOMEDICAL SL o de terceros, sin que puedan entenderse cedidos al usuario ninguno de los derechos de explotaci\u00f3n reconocidos por la normativa vigente en materia de propiedad intelectual.<\/p><p>Las marcas, nombres comerciales o signos distintivos son titularidad de IPSOMEDICAL SL o de terceros, sin que pueda entenderse que el acceso al Sitio Web atribuya ning\u00fan derecho sobre las citadas marcas, nombres comerciales y\/o signos distintivos.<\/p><p>Queda expresamente prohibida la reproducci\u00f3n, distribuci\u00f3n, comunicaci\u00f3n p\u00fablica o transformaci\u00f3n de los contenidos sin la autorizaci\u00f3n expresa y por escrito del titular.<\/p><\/div><div class=\"legal-section\"><h2><span class=\"icon\">\u00b7<\/span> Responsabilidad y Uso del Sitio Web<\/h2><p>IPSOMEDICAL SL no se hace responsable de los da\u00f1os y perjuicios de cualquier naturaleza que pudieran derivarse de:<\/p><ul><li>La falta de disponibilidad, continuidad o calidad del Sitio Web y sus servicios.<\/li><li>El uso inadecuado del Sitio Web por parte de los usuarios.<\/li><li>Los contenidos, datos, textos, im\u00e1genes, sonidos, gr\u00e1ficos, obras o cualquier otro tipo de material al que pudiera accederse a trav\u00e9s de enlaces o hiperv\u00ednculos de terceros.<\/li><li>La presencia de virus o programas maliciosos en los contenidos a pesar de haber adoptado todas las medidas tecnol\u00f3gicas necesarias para prevenirlo.<\/li><\/ul><p style=\"margin-top:10px;\">El usuario se compromete a hacer un uso correcto del Sitio Web de conformidad con la ley, la buena fe, el orden p\u00fablico, los usos del tr\u00e1fico y el presente Aviso Legal.<\/p><\/div><div class=\"legal-section\"><h2><span class=\"icon\">\u00b7<\/span> Pol\u00edtica de Enlaces<\/h2><p>El Sitio Web puede contener enlaces a p\u00e1ginas web de terceros. IPSOMEDICAL SL no asume ninguna responsabilidad por el contenido, informaciones o servicios que aparezcan en dichos sitios, que tendr\u00e1n exclusivamente car\u00e1cter informativo y que no implican ninguna relaci\u00f3n entre IPSOMEDICAL SL y las personas o entidades titulares de tales contenidos o titulares de los sitios donde se encuentren.<\/p><\/div><div class=\"legal-section\"><h2><span class=\"icon\">\u00b7<\/span> Legislaci\u00f3n Aplicable y Jurisdicci\u00f3n<\/h2><p>Las relaciones entre IPSOMEDICAL SL y los usuarios de este Sitio Web se regir\u00e1n por la normativa espa\u00f1ola vigente y, en particular, por:<\/p><ul><li>Ley 34\/2002, de 11 de julio, de Servicios de la Sociedad de la Informaci\u00f3n (LSSICE).<\/li><li>Reglamento (UE) 2016\/679 del Parlamento Europeo (RGPD).<\/li><li>Ley Org\u00e1nica 3\/2018, de 5 de diciembre, de Protecci\u00f3n de Datos Personales (LOPDGDD).<\/li><li>Ley 7\/1998, de 13 de abril, sobre Condiciones Generales de Contrataci\u00f3n.<\/li><\/ul><p style=\"margin-top:10px;\">Para la resoluci\u00f3n de cualquier controversia derivada del acceso o uso del Sitio Web, las partes se someten, con renuncia expresa a cualquier otro fuero, a los Juzgados y Tribunales de M\u00e1laga.<\/p><\/div><div class=\"legal-section\"><h2><span class=\"icon\">\u00b7<\/span> Contacto<\/h2><p>Para cualquier consulta relativa al presente Aviso Legal, puede contactar con nosotros a trav\u00e9s de:<\/p><ul><p><strong>Email:<\/strong> <a href=\"mailto:info@ipsomedical.es\"><span class=\"__cf_email__\" data-cfemail=\"abcacfc6c2c5ebc2dbd8c4c6cecfc2c8cac785ced8\">info@ipsomedical.es<\/span><\/a><\/p><\/ul><\/div>\t\t\t\t<\/div>\n\t\t\t\t\t<\/div>\n\t\t\t\t<\/div>\n\t\t\t\t<\/div>\n\t\t","protected":false},"excerpt":{"rendered":"<p>Privacy Policy \u00daltima actualizaci\u00f3n: 2025 \u00b7 IPSOMEDICAL SL \u00b7 Datos Identificativos del Titular En cumplimiento con el deber de informaci\u00f3n recogido en el art\u00edculo 10 de la Ley 34\/2002, de 11 de julio, de Servicios de la Sociedad de la Informaci\u00f3n y del Comercio Electr\u00f3nico (LSSICE), se facilitan a continuaci\u00f3n los datos identificativos del titular [&hellip;]<\/p>\n","protected":false},"author":3,"featured_media":0,"parent":0,"menu_order":0,"comment_status":"closed","ping_status":"closed","template":"","meta":{"footnotes":""},"class_list":["post-276117","page","type-page","status-publish","hentry"],"yoast_head":"<!-- This site is optimized with the Yoast SEO plugin v27.4 - https:\/\/yoast.com\/product\/yoast-seo-wordpress\/ -->\n<title>Legal Notice - IpsoMedical - Alquiler y venta de camas articuladas el\u00e9ctricas geri\u00e1tricas<\/title>\n<meta name=\"robots\" content=\"index, follow, max-snippet:-1, max-image-preview:large, max-video-preview:-1\" \/>\n<link rel=\"canonical\" href=\"https:\/\/www.ipsomedical.es\/en\/legal-notice\/\" \/>\n<meta property=\"og:locale\" content=\"en_US\" \/>\n<meta property=\"og:type\" content=\"article\" \/>\n<meta property=\"og:title\" content=\"Legal Notice - IpsoMedical - Alquiler y venta de camas articuladas el\u00e9ctricas geri\u00e1tricas\" \/>\n<meta property=\"og:description\" content=\"Privacy Policy \u00daltima actualizaci\u00f3n: 2025 \u00b7 IPSOMEDICAL SL \u00b7 Datos Identificativos del Titular En cumplimiento con el deber de informaci\u00f3n recogido en el art\u00edculo 10 de la Ley 34\/2002, de 11 de julio, de Servicios de la Sociedad de la Informaci\u00f3n y del Comercio Electr\u00f3nico (LSSICE), se facilitan a continuaci\u00f3n los datos identificativos del titular [&hellip;]\" \/>\n<meta property=\"og:url\" content=\"https:\/\/www.ipsomedical.es\/en\/legal-notice\/\" \/>\n<meta property=\"og:site_name\" content=\"IpsoMedical - Alquiler y venta de camas articuladas el\u00e9ctricas geri\u00e1tricas\" \/>\n<meta property=\"article:modified_time\" content=\"2026-04-23T13:32:01+00:00\" \/>\n<meta name=\"twitter:card\" content=\"summary_large_image\" \/>\n<meta name=\"twitter:label1\" content=\"Est. reading time\" \/>\n\t<meta name=\"twitter:data1\" content=\"3 minutes\" \/>\n<script type=\"application\/ld+json\" class=\"yoast-schema-graph\">{\"@context\":\"https:\\\/\\\/schema.org\",\"@graph\":[{\"@type\":\"WebPage\",\"@id\":\"https:\\\/\\\/www.ipsomedical.es\\\/en\\\/legal-notice\\\/\",\"url\":\"https:\\\/\\\/www.ipsomedical.es\\\/en\\\/legal-notice\\\/\",\"name\":\"Legal Notice - IpsoMedical - Alquiler y venta de camas articuladas el\u00e9ctricas geri\u00e1tricas\",\"isPartOf\":{\"@id\":\"https:\\\/\\\/www.ipsomedical.es\\\/en\\\/#website\"},\"datePublished\":\"2026-03-12T15:14:14+00:00\",\"dateModified\":\"2026-04-23T13:32:01+00:00\",\"breadcrumb\":{\"@id\":\"https:\\\/\\\/www.ipsomedical.es\\\/en\\\/legal-notice\\\/#breadcrumb\"},\"inLanguage\":\"en-US\",\"potentialAction\":[{\"@type\":\"ReadAction\",\"target\":[\"https:\\\/\\\/www.ipsomedical.es\\\/en\\\/legal-notice\\\/\"]}]},{\"@type\":\"BreadcrumbList\",\"@id\":\"https:\\\/\\\/www.ipsomedical.es\\\/en\\\/legal-notice\\\/#breadcrumb\",\"itemListElement\":[{\"@type\":\"ListItem\",\"position\":1,\"name\":\"Portada\",\"item\":\"https:\\\/\\\/www.ipsomedical.es\\\/en\\\/home\\\/\"},{\"@type\":\"ListItem\",\"position\":2,\"name\":\"Legal Notice\"}]},{\"@type\":\"WebSite\",\"@id\":\"https:\\\/\\\/www.ipsomedical.es\\\/en\\\/#website\",\"url\":\"https:\\\/\\\/www.ipsomedical.es\\\/en\\\/\",\"name\":\"IpsoMedical\",\"description\":\"IpsoMedical proporcionamos Soluciones camas articuladas, gruas, etc... para Personas Dependientes o con Dificultades de Movilidad\",\"publisher\":{\"@id\":\"https:\\\/\\\/www.ipsomedical.es\\\/en\\\/#organization\"},\"potentialAction\":[{\"@type\":\"SearchAction\",\"target\":{\"@type\":\"EntryPoint\",\"urlTemplate\":\"https:\\\/\\\/www.ipsomedical.es\\\/en\\\/?s={search_term_string}\"},\"query-input\":{\"@type\":\"PropertyValueSpecification\",\"valueRequired\":true,\"valueName\":\"search_term_string\"}}],\"inLanguage\":\"en-US\"},{\"@type\":\"Organization\",\"@id\":\"https:\\\/\\\/www.ipsomedical.es\\\/en\\\/#organization\",\"name\":\"IpsoMedical\",\"url\":\"https:\\\/\\\/www.ipsomedical.es\\\/en\\\/\",\"logo\":{\"@type\":\"ImageObject\",\"inLanguage\":\"en-US\",\"@id\":\"https:\\\/\\\/www.ipsomedical.es\\\/en\\\/#\\\/schema\\\/logo\\\/image\\\/\",\"url\":\"https:\\\/\\\/www.ipsomedical.es\\\/wp-content\\\/uploads\\\/2021\\\/10\\\/ADWORD-LOGO.png\",\"contentUrl\":\"https:\\\/\\\/www.ipsomedical.es\\\/wp-content\\\/uploads\\\/2021\\\/10\\\/ADWORD-LOGO.png\",\"width\":590,\"height\":590,\"caption\":\"IpsoMedical\"},\"image\":{\"@id\":\"https:\\\/\\\/www.ipsomedical.es\\\/en\\\/#\\\/schema\\\/logo\\\/image\\\/\"}}]}<\/script>\n<!-- \/ Yoast SEO plugin. -->","yoast_head_json":{"title":"Legal Notice - IpsoMedical - Alquiler y venta de camas articuladas el\u00e9ctricas geri\u00e1tricas","robots":{"index":"index","follow":"follow","max-snippet":"max-snippet:-1","max-image-preview":"max-image-preview:large","max-video-preview":"max-video-preview:-1"},"canonical":"https:\/\/www.ipsomedical.es\/en\/legal-notice\/","og_locale":"en_US","og_type":"article","og_title":"Legal Notice - IpsoMedical - Alquiler y venta de camas articuladas el\u00e9ctricas geri\u00e1tricas","og_description":"Privacy Policy \u00daltima actualizaci\u00f3n: 2025 \u00b7 IPSOMEDICAL SL \u00b7 Datos Identificativos del Titular En cumplimiento con el deber de informaci\u00f3n recogido en el art\u00edculo 10 de la Ley 34\/2002, de 11 de julio, de Servicios de la Sociedad de la Informaci\u00f3n y del Comercio Electr\u00f3nico (LSSICE), se facilitan a continuaci\u00f3n los datos identificativos del titular [&hellip;]","og_url":"https:\/\/www.ipsomedical.es\/en\/legal-notice\/","og_site_name":"IpsoMedical - Alquiler y venta de camas articuladas el\u00e9ctricas geri\u00e1tricas","article_modified_time":"2026-04-23T13:32:01+00:00","twitter_card":"summary_large_image","twitter_misc":{"Est. reading time":"3 minutes"},"schema":{"@context":"https:\/\/schema.org","@graph":[{"@type":"WebPage","@id":"https:\/\/www.ipsomedical.es\/en\/legal-notice\/","url":"https:\/\/www.ipsomedical.es\/en\/legal-notice\/","name":"Legal Notice - IpsoMedical - Alquiler y venta de camas articuladas el\u00e9ctricas geri\u00e1tricas","isPartOf":{"@id":"https:\/\/www.ipsomedical.es\/en\/#website"},"datePublished":"2026-03-12T15:14:14+00:00","dateModified":"2026-04-23T13:32:01+00:00","breadcrumb":{"@id":"https:\/\/www.ipsomedical.es\/en\/legal-notice\/#breadcrumb"},"inLanguage":"en-US","potentialAction":[{"@type":"ReadAction","target":["https:\/\/www.ipsomedical.es\/en\/legal-notice\/"]}]},{"@type":"BreadcrumbList","@id":"https:\/\/www.ipsomedical.es\/en\/legal-notice\/#breadcrumb","itemListElement":[{"@type":"ListItem","position":1,"name":"Portada","item":"https:\/\/www.ipsomedical.es\/en\/home\/"},{"@type":"ListItem","position":2,"name":"Legal Notice"}]},{"@type":"WebSite","@id":"https:\/\/www.ipsomedical.es\/en\/#website","url":"https:\/\/www.ipsomedical.es\/en\/","name":"IpsoMedical","description":"IpsoMedical proporcionamos Soluciones camas articuladas, gruas, etc... para Personas Dependientes o con Dificultades de Movilidad","publisher":{"@id":"https:\/\/www.ipsomedical.es\/en\/#organization"},"potentialAction":[{"@type":"SearchAction","target":{"@type":"EntryPoint","urlTemplate":"https:\/\/www.ipsomedical.es\/en\/?s={search_term_string}"},"query-input":{"@type":"PropertyValueSpecification","valueRequired":true,"valueName":"search_term_string"}}],"inLanguage":"en-US"},{"@type":"Organization","@id":"https:\/\/www.ipsomedical.es\/en\/#organization","name":"IpsoMedical","url":"https:\/\/www.ipsomedical.es\/en\/","logo":{"@type":"ImageObject","inLanguage":"en-US","@id":"https:\/\/www.ipsomedical.es\/en\/#\/schema\/logo\/image\/","url":"https:\/\/www.ipsomedical.es\/wp-content\/uploads\/2021\/10\/ADWORD-LOGO.png","contentUrl":"https:\/\/www.ipsomedical.es\/wp-content\/uploads\/2021\/10\/ADWORD-LOGO.png","width":590,"height":590,"caption":"IpsoMedical"},"image":{"@id":"https:\/\/www.ipsomedical.es\/en\/#\/schema\/logo\/image\/"}}]}},"_links":{"self":[{"href":"https:\/\/www.ipsomedical.es\/en\/wp-json\/wp\/v2\/pages\/276117","targetHints":{"allow":["GET"]}}],"collection":[{"href":"https:\/\/www.ipsomedical.es\/en\/wp-json\/wp\/v2\/pages"}],"about":[{"href":"https:\/\/www.ipsomedical.es\/en\/wp-json\/wp\/v2\/types\/page"}],"author":[{"embeddable":true,"href":"https:\/\/www.ipsomedical.es\/en\/wp-json\/wp\/v2\/users\/3"}],"replies":[{"embeddable":true,"href":"https:\/\/www.ipsomedical.es\/en\/wp-json\/wp\/v2\/comments?post=276117"}],"version-history":[{"count":1,"href":"https:\/\/www.ipsomedical.es\/en\/wp-json\/wp\/v2\/pages\/276117\/revisions"}],"predecessor-version":[{"id":276118,"href":"https:\/\/www.ipsomedical.es\/en\/wp-json\/wp\/v2\/pages\/276117\/revisions\/276118"}],"wp:attachment":[{"href":"https:\/\/www.ipsomedical.es\/en\/wp-json\/wp\/v2\/media?parent=276117"}],"curies":[{"name":"wp","href":"https:\/\/api.w.org\/{rel}","templated":true}]}}